{"id":110,"date":"2023-08-08T15:00:32","date_gmt":"2023-08-08T13:00:32","guid":{"rendered":"https:\/\/www.tuduu.sk\/?post_type=product&#038;p=110"},"modified":"2024-06-22T16:23:19","modified_gmt":"2024-06-22T14:23:19","slug":"nenahodny-prejav-laskavosti","status":"publish","type":"product","link":"https:\/\/www.tuduu.sk\/?product=nenahodny-prejav-laskavosti","title":{"rendered":"(Ne)n\u00e1hodn\u00fd prejav l\u00e1skavosti"},"content":{"rendered":"<p>Vr\u00e1\u0165me medzi n\u00e1s \u013eudskos\u0165. Zlep\u0161il ti niekto de\u0148? Daj mu to najavo s na\u0161im (ne)n\u00e1hodn\u00fdm prejavom l\u00e1skavosti. Chce\u0161 niekomu zlep\u0161i\u0165 de\u0148? Vie\u0161 \u010do m\u00e1\u0161 spravi\u0165.<\/p>\n","protected":false},"excerpt":{"rendered":"<p>(Ne)n\u00e1hodn\u00fd prejav l\u00e1skavosti.<\/p>\n<p>Ve\u013ekos\u0165 A6.<\/p>\n<p>Tla\u010den\u00e9 na papier Munken Pure Rough &#8211; pr\u00e9miov\u00fd pocit, nenatieran\u00fd povrch, kr\u00e9mov\u00fd odtie\u0148.<\/p>\n<p>30 trhac\u00edch listov.<\/p>\n","protected":false},"featured_media":241,"comment_status":"open","ping_status":"closed","template":"","meta":{"_monsterinsights_skip_tracking":false,"_monsterinsights_sitenote_active":false,"_monsterinsights_sitenote_note":"","_monsterinsights_sitenote_category":0},"product_brand":[],"product_cat":[24],"product_tag":[],"class_list":{"0":"post-110","1":"product","2":"type-product","3":"status-publish","4":"has-post-thumbnail","6":"product_cat-organizery","7":"product_shipping_class-postovne","9":"first","10":"instock","11":"shipping-taxable","12":"purchasable","13":"product-type-simple"},"yoast_head":"<!-- This site is optimized with the Yoast SEO plugin v27.5 - https:\/\/yoast.com\/product\/yoast-seo-wordpress\/ -->\n<title>(Ne)n\u00e1hodn\u00fd prejav l\u00e1skavosti - tuduu<\/title>\n<meta name=\"description\" content=\"Vr\u00e1\u0165me medzi n\u00e1s \u013eudskos\u0165. Zlep\u0161il ti niekto de\u0148? Daj mu to najavo s na\u0161im (ne)n\u00e1hodn\u00fdm prejavom l\u00e1skavosti. Chce\u0161 niekomu zlep\u0161i\u0165 de\u0148? Vie\u0161 \u010do m\u00e1\u0161 spravi\u0165.\" \/>\n<meta name=\"robots\" content=\"index, follow, max-snippet:-1, max-image-preview:large, max-video-preview:-1\" \/>\n<link rel=\"canonical\" href=\"https:\/\/www.tuduu.sk\/?product=nenahodny-prejav-laskavosti\" \/>\n<meta property=\"og:locale\" content=\"sk_SK\" \/>\n<meta property=\"og:type\" content=\"article\" \/>\n<meta property=\"og:title\" content=\"(Ne)n\u00e1hodn\u00fd prejav l\u00e1skavosti - tuduu\" \/>\n<meta property=\"og:description\" content=\"Vr\u00e1\u0165me medzi n\u00e1s \u013eudskos\u0165. Zlep\u0161il ti niekto de\u0148? Daj mu to najavo s na\u0161im (ne)n\u00e1hodn\u00fdm prejavom l\u00e1skavosti. Chce\u0161 niekomu zlep\u0161i\u0165 de\u0148? Vie\u0161 \u010do m\u00e1\u0161 spravi\u0165.\" \/>\n<meta property=\"og:url\" content=\"https:\/\/www.tuduu.sk\/?product=nenahodny-prejav-laskavosti\" \/>\n<meta property=\"og:site_name\" content=\"tuduu\" \/>\n<meta property=\"article:modified_time\" content=\"2024-06-22T14:23:19+00:00\" \/>\n<meta property=\"og:image\" content=\"https:\/\/www.tuduu.sk\/wp-content\/uploads\/2023\/09\/tuduu-produkty-5-1.jpg\" \/>\n\t<meta property=\"og:image:width\" content=\"800\" \/>\n\t<meta property=\"og:image:height\" content=\"800\" \/>\n\t<meta property=\"og:image:type\" content=\"image\/jpeg\" \/>\n<meta name=\"twitter:card\" content=\"summary_large_image\" \/>\n<meta name=\"twitter:label1\" content=\"Predpokladan\u00fd \u010das \u010d\u00edtania\" \/>\n\t<meta name=\"twitter:data1\" content=\"1 min\u00fata\" \/>\n<script type=\"application\/ld+json\" class=\"yoast-schema-graph\">{\"@context\":\"https:\\\/\\\/schema.org\",\"@graph\":[{\"@type\":\"WebPage\",\"@id\":\"https:\\\/\\\/www.tuduu.sk\\\/?product=nenahodny-prejav-laskavosti\",\"url\":\"https:\\\/\\\/www.tuduu.sk\\\/?product=nenahodny-prejav-laskavosti\",\"name\":\"(Ne)n\u00e1hodn\u00fd prejav l\u00e1skavosti - tuduu\",\"isPartOf\":{\"@id\":\"https:\\\/\\\/www.tuduu.sk\\\/#website\"},\"primaryImageOfPage\":{\"@id\":\"https:\\\/\\\/www.tuduu.sk\\\/?product=nenahodny-prejav-laskavosti#primaryimage\"},\"image\":{\"@id\":\"https:\\\/\\\/www.tuduu.sk\\\/?product=nenahodny-prejav-laskavosti#primaryimage\"},\"thumbnailUrl\":\"https:\\\/\\\/www.tuduu.sk\\\/wp-content\\\/uploads\\\/2023\\\/09\\\/tuduu-produkty-5-1.jpg\",\"datePublished\":\"2023-08-08T13:00:32+00:00\",\"dateModified\":\"2024-06-22T14:23:19+00:00\",\"description\":\"Vr\u00e1\u0165me medzi n\u00e1s \u013eudskos\u0165. Zlep\u0161il ti niekto de\u0148? Daj mu to najavo s na\u0161im (ne)n\u00e1hodn\u00fdm prejavom l\u00e1skavosti. Chce\u0161 niekomu zlep\u0161i\u0165 de\u0148? Vie\u0161 \u010do m\u00e1\u0161 spravi\u0165.\",\"breadcrumb\":{\"@id\":\"https:\\\/\\\/www.tuduu.sk\\\/?product=nenahodny-prejav-laskavosti#breadcrumb\"},\"inLanguage\":\"sk-SK\",\"potentialAction\":[{\"@type\":\"ReadAction\",\"target\":[\"https:\\\/\\\/www.tuduu.sk\\\/?product=nenahodny-prejav-laskavosti\"]}]},{\"@type\":\"ImageObject\",\"inLanguage\":\"sk-SK\",\"@id\":\"https:\\\/\\\/www.tuduu.sk\\\/?product=nenahodny-prejav-laskavosti#primaryimage\",\"url\":\"https:\\\/\\\/www.tuduu.sk\\\/wp-content\\\/uploads\\\/2023\\\/09\\\/tuduu-produkty-5-1.jpg\",\"contentUrl\":\"https:\\\/\\\/www.tuduu.sk\\\/wp-content\\\/uploads\\\/2023\\\/09\\\/tuduu-produkty-5-1.jpg\",\"width\":800,\"height\":800,\"caption\":\"(Ne)n\u00e1hodn\u00fd prejav l\u00e1skavosti 8\u20ac\"},{\"@type\":\"BreadcrumbList\",\"@id\":\"https:\\\/\\\/www.tuduu.sk\\\/?product=nenahodny-prejav-laskavosti#breadcrumb\",\"itemListElement\":[{\"@type\":\"ListItem\",\"position\":1,\"name\":\"Home\",\"item\":\"https:\\\/\\\/www.tuduu.sk\\\/\"},{\"@type\":\"ListItem\",\"position\":2,\"name\":\"Obchod\",\"item\":\"https:\\\/\\\/www.tuduu.sk\\\/?page_id=85\"},{\"@type\":\"ListItem\",\"position\":3,\"name\":\"(Ne)n\u00e1hodn\u00fd prejav l\u00e1skavosti\"}]},{\"@type\":\"WebSite\",\"@id\":\"https:\\\/\\\/www.tuduu.sk\\\/#website\",\"url\":\"https:\\\/\\\/www.tuduu.sk\\\/\",\"name\":\"tuduu\",\"description\":\"M\u00e1me radi papier.\",\"publisher\":{\"@id\":\"https:\\\/\\\/www.tuduu.sk\\\/#organization\"},\"potentialAction\":[{\"@type\":\"SearchAction\",\"target\":{\"@type\":\"EntryPoint\",\"urlTemplate\":\"https:\\\/\\\/www.tuduu.sk\\\/?s={search_term_string}\"},\"query-input\":{\"@type\":\"PropertyValueSpecification\",\"valueRequired\":true,\"valueName\":\"search_term_string\"}}],\"inLanguage\":\"sk-SK\"},{\"@type\":\"Organization\",\"@id\":\"https:\\\/\\\/www.tuduu.sk\\\/#organization\",\"name\":\"tuduu\",\"url\":\"https:\\\/\\\/www.tuduu.sk\\\/\",\"logo\":{\"@type\":\"ImageObject\",\"inLanguage\":\"sk-SK\",\"@id\":\"https:\\\/\\\/www.tuduu.sk\\\/#\\\/schema\\\/logo\\\/image\\\/\",\"url\":\"https:\\\/\\\/www.tuduu.sk\\\/wp-content\\\/uploads\\\/2023\\\/08\\\/tuduu_logo.png\",\"contentUrl\":\"https:\\\/\\\/www.tuduu.sk\\\/wp-content\\\/uploads\\\/2023\\\/08\\\/tuduu_logo.png\",\"width\":514,\"height\":153,\"caption\":\"tuduu\"},\"image\":{\"@id\":\"https:\\\/\\\/www.tuduu.sk\\\/#\\\/schema\\\/logo\\\/image\\\/\"}}]}<\/script>\n<!-- \/ Yoast SEO plugin. -->","yoast_head_json":{"title":"(Ne)n\u00e1hodn\u00fd prejav l\u00e1skavosti - tuduu","description":"Vr\u00e1\u0165me medzi n\u00e1s \u013eudskos\u0165. Zlep\u0161il ti niekto de\u0148? Daj mu to najavo s na\u0161im (ne)n\u00e1hodn\u00fdm prejavom l\u00e1skavosti. Chce\u0161 niekomu zlep\u0161i\u0165 de\u0148? Vie\u0161 \u010do m\u00e1\u0161 spravi\u0165.","robots":{"index":"index","follow":"follow","max-snippet":"max-snippet:-1","max-image-preview":"max-image-preview:large","max-video-preview":"max-video-preview:-1"},"canonical":"https:\/\/www.tuduu.sk\/?product=nenahodny-prejav-laskavosti","og_locale":"sk_SK","og_type":"article","og_title":"(Ne)n\u00e1hodn\u00fd prejav l\u00e1skavosti - tuduu","og_description":"Vr\u00e1\u0165me medzi n\u00e1s \u013eudskos\u0165. Zlep\u0161il ti niekto de\u0148? Daj mu to najavo s na\u0161im (ne)n\u00e1hodn\u00fdm prejavom l\u00e1skavosti. Chce\u0161 niekomu zlep\u0161i\u0165 de\u0148? Vie\u0161 \u010do m\u00e1\u0161 spravi\u0165.","og_url":"https:\/\/www.tuduu.sk\/?product=nenahodny-prejav-laskavosti","og_site_name":"tuduu","article_modified_time":"2024-06-22T14:23:19+00:00","og_image":[{"width":800,"height":800,"url":"https:\/\/www.tuduu.sk\/wp-content\/uploads\/2023\/09\/tuduu-produkty-5-1.jpg","type":"image\/jpeg"}],"twitter_card":"summary_large_image","twitter_misc":{"Predpokladan\u00fd \u010das \u010d\u00edtania":"1 min\u00fata"},"schema":{"@context":"https:\/\/schema.org","@graph":[{"@type":"WebPage","@id":"https:\/\/www.tuduu.sk\/?product=nenahodny-prejav-laskavosti","url":"https:\/\/www.tuduu.sk\/?product=nenahodny-prejav-laskavosti","name":"(Ne)n\u00e1hodn\u00fd prejav l\u00e1skavosti - tuduu","isPartOf":{"@id":"https:\/\/www.tuduu.sk\/#website"},"primaryImageOfPage":{"@id":"https:\/\/www.tuduu.sk\/?product=nenahodny-prejav-laskavosti#primaryimage"},"image":{"@id":"https:\/\/www.tuduu.sk\/?product=nenahodny-prejav-laskavosti#primaryimage"},"thumbnailUrl":"https:\/\/www.tuduu.sk\/wp-content\/uploads\/2023\/09\/tuduu-produkty-5-1.jpg","datePublished":"2023-08-08T13:00:32+00:00","dateModified":"2024-06-22T14:23:19+00:00","description":"Vr\u00e1\u0165me medzi n\u00e1s \u013eudskos\u0165. Zlep\u0161il ti niekto de\u0148? Daj mu to najavo s na\u0161im (ne)n\u00e1hodn\u00fdm prejavom l\u00e1skavosti. Chce\u0161 niekomu zlep\u0161i\u0165 de\u0148? Vie\u0161 \u010do m\u00e1\u0161 spravi\u0165.","breadcrumb":{"@id":"https:\/\/www.tuduu.sk\/?product=nenahodny-prejav-laskavosti#breadcrumb"},"inLanguage":"sk-SK","potentialAction":[{"@type":"ReadAction","target":["https:\/\/www.tuduu.sk\/?product=nenahodny-prejav-laskavosti"]}]},{"@type":"ImageObject","inLanguage":"sk-SK","@id":"https:\/\/www.tuduu.sk\/?product=nenahodny-prejav-laskavosti#primaryimage","url":"https:\/\/www.tuduu.sk\/wp-content\/uploads\/2023\/09\/tuduu-produkty-5-1.jpg","contentUrl":"https:\/\/www.tuduu.sk\/wp-content\/uploads\/2023\/09\/tuduu-produkty-5-1.jpg","width":800,"height":800,"caption":"(Ne)n\u00e1hodn\u00fd prejav l\u00e1skavosti 8\u20ac"},{"@type":"BreadcrumbList","@id":"https:\/\/www.tuduu.sk\/?product=nenahodny-prejav-laskavosti#breadcrumb","itemListElement":[{"@type":"ListItem","position":1,"name":"Home","item":"https:\/\/www.tuduu.sk\/"},{"@type":"ListItem","position":2,"name":"Obchod","item":"https:\/\/www.tuduu.sk\/?page_id=85"},{"@type":"ListItem","position":3,"name":"(Ne)n\u00e1hodn\u00fd prejav l\u00e1skavosti"}]},{"@type":"WebSite","@id":"https:\/\/www.tuduu.sk\/#website","url":"https:\/\/www.tuduu.sk\/","name":"tuduu","description":"M\u00e1me radi papier.","publisher":{"@id":"https:\/\/www.tuduu.sk\/#organization"},"potentialAction":[{"@type":"SearchAction","target":{"@type":"EntryPoint","urlTemplate":"https:\/\/www.tuduu.sk\/?s={search_term_string}"},"query-input":{"@type":"PropertyValueSpecification","valueRequired":true,"valueName":"search_term_string"}}],"inLanguage":"sk-SK"},{"@type":"Organization","@id":"https:\/\/www.tuduu.sk\/#organization","name":"tuduu","url":"https:\/\/www.tuduu.sk\/","logo":{"@type":"ImageObject","inLanguage":"sk-SK","@id":"https:\/\/www.tuduu.sk\/#\/schema\/logo\/image\/","url":"https:\/\/www.tuduu.sk\/wp-content\/uploads\/2023\/08\/tuduu_logo.png","contentUrl":"https:\/\/www.tuduu.sk\/wp-content\/uploads\/2023\/08\/tuduu_logo.png","width":514,"height":153,"caption":"tuduu"},"image":{"@id":"https:\/\/www.tuduu.sk\/#\/schema\/logo\/image\/"}}]}},"_links":{"self":[{"href":"https:\/\/www.tuduu.sk\/index.php?rest_route=\/wp\/v2\/product\/110","targetHints":{"allow":["GET"]}}],"collection":[{"href":"https:\/\/www.tuduu.sk\/index.php?rest_route=\/wp\/v2\/product"}],"about":[{"href":"https:\/\/www.tuduu.sk\/index.php?rest_route=\/wp\/v2\/types\/product"}],"replies":[{"embeddable":true,"href":"https:\/\/www.tuduu.sk\/index.php?rest_route=%2Fwp%2Fv2%2Fcomments&post=110"}],"wp:featuredmedia":[{"embeddable":true,"href":"https:\/\/www.tuduu.sk\/index.php?rest_route=\/wp\/v2\/media\/241"}],"wp:attachment":[{"href":"https:\/\/www.tuduu.sk\/index.php?rest_route=%2Fwp%2Fv2%2Fmedia&parent=110"}],"wp:term":[{"taxonomy":"product_brand","embeddable":true,"href":"https:\/\/www.tuduu.sk\/index.php?rest_route=%2Fwp%2Fv2%2Fproduct_brand&post=110"},{"taxonomy":"product_cat","embeddable":true,"href":"https:\/\/www.tuduu.sk\/index.php?rest_route=%2Fwp%2Fv2%2Fproduct_cat&post=110"},{"taxonomy":"product_tag","embeddable":true,"href":"https:\/\/www.tuduu.sk\/index.php?rest_route=%2Fwp%2Fv2%2Fproduct_tag&post=110"}],"curies":[{"name":"wp","href":"https:\/\/api.w.org\/{rel}","templated":true}]}}