{"id":131,"date":"2023-09-17T20:19:06","date_gmt":"2023-09-17T18:19:06","guid":{"rendered":"https:\/\/www.tuduu.sk\/?post_type=product&#038;p=131"},"modified":"2024-12-27T14:32:54","modified_gmt":"2024-12-27T13:32:54","slug":"fixka-stabilo-point-88-04","status":"publish","type":"product","link":"https:\/\/www.tuduu.sk\/?product=fixka-stabilo-point-88-04","title":{"rendered":"Fixka Stabilo Point 88 0,4"},"content":{"rendered":"<ul>\n<li>vhodn\u00e1 na p\u00edsanie aj kreslenie<\/li>\n<li>typick\u00fd oran\u017eov\u00fd \u0161es\u0165hran s bielymi pr\u00fa\u017ekami na hran\u00e1ch<\/li>\n<li>hrot zasaden\u00fd v kovovom puzdre pre dlh\u00fa \u017eivotnos\u0165<\/li>\n<li>priedu\u0161n\u00e9 vie\u010dko vo farbe atramentu<\/li>\n<li>praktick\u00e9 uzatv\u00e1rate\u013en\u00e9 p\u00fazdro<\/li>\n<li>\u0161\u00edrka stopy 0,4 mm<\/li>\n<\/ul>\n","protected":false},"excerpt":{"rendered":"<p>Fixky Stabilo Fine 0.4 Point 88 &#8211; presn\u00e9 a farebn\u00e9 p\u00edsacie n\u00e1stroje s hrotom 0,4 mm. Ide\u00e1lne pre kreslenie a pozn\u00e1mky. Objednajte si svoje ob\u013e\u00faben\u00e9 farby od Stabilo!<\/p>\n","protected":false},"featured_media":133,"comment_status":"open","ping_status":"closed","template":"","meta":{"_monsterinsights_skip_tracking":false,"_monsterinsights_sitenote_active":false,"_monsterinsights_sitenote_note":"","_monsterinsights_sitenote_category":0},"product_brand":[],"product_cat":[31],"product_tag":[32,33],"class_list":{"0":"post-131","1":"product","2":"type-product","3":"status-publish","4":"has-post-thumbnail","6":"product_cat-pisacie-potreby","7":"product_tag-fixka","8":"product_tag-stabilo","9":"product_shipping_class-postovne","11":"first","12":"instock","13":"shipping-taxable","14":"purchasable","15":"product-type-variable"},"yoast_head":"<!-- This site is optimized with the Yoast SEO plugin v27.5 - https:\/\/yoast.com\/product\/yoast-seo-wordpress\/ -->\n<title>Fixka Stabilo Point 88 0,4 - tuduu<\/title>\n<meta name=\"description\" content=\"Fixky Stabilo Fine 0.4 Point 88 - presn\u00e9 a farebn\u00e9 fixky s hrotom 0,4 mm. Ide\u00e1lne pre pozn\u00e1mky \u010di kreslenie. Objednajte si svoje ob\u013e\u00faben\u00e9 farby.\" \/>\n<meta name=\"robots\" content=\"index, follow, max-snippet:-1, max-image-preview:large, max-video-preview:-1\" \/>\n<link rel=\"canonical\" href=\"https:\/\/www.tuduu.sk\/?product=fixka-stabilo-point-88-04\" \/>\n<meta property=\"og:locale\" content=\"sk_SK\" \/>\n<meta property=\"og:type\" content=\"article\" \/>\n<meta property=\"og:title\" content=\"Fixka Stabilo Point 88 0,4 - tuduu\" \/>\n<meta property=\"og:description\" content=\"Fixky Stabilo Fine 0.4 Point 88 - presn\u00e9 a farebn\u00e9 fixky s hrotom 0,4 mm. Ide\u00e1lne pre pozn\u00e1mky \u010di kreslenie. Objednajte si svoje ob\u013e\u00faben\u00e9 farby.\" \/>\n<meta property=\"og:url\" content=\"https:\/\/www.tuduu.sk\/?product=fixka-stabilo-point-88-04\" \/>\n<meta property=\"og:site_name\" content=\"tuduu\" \/>\n<meta property=\"article:modified_time\" content=\"2024-12-27T13:32:54+00:00\" \/>\n<meta property=\"og:image\" content=\"https:\/\/www.tuduu.sk\/wp-content\/uploads\/2023\/09\/tuduu-3-scaled.jpg\" \/>\n\t<meta property=\"og:image:width\" content=\"2560\" \/>\n\t<meta property=\"og:image:height\" content=\"1703\" \/>\n\t<meta property=\"og:image:type\" content=\"image\/jpeg\" \/>\n<meta name=\"twitter:card\" content=\"summary_large_image\" \/>\n<meta name=\"twitter:label1\" content=\"Predpokladan\u00fd \u010das \u010d\u00edtania\" \/>\n\t<meta name=\"twitter:data1\" content=\"1 min\u00fata\" \/>\n<script type=\"application\/ld+json\" class=\"yoast-schema-graph\">{\"@context\":\"https:\\\/\\\/schema.org\",\"@graph\":[{\"@type\":\"WebPage\",\"@id\":\"https:\\\/\\\/www.tuduu.sk\\\/?product=fixka-stabilo-point-88-04\",\"url\":\"https:\\\/\\\/www.tuduu.sk\\\/?product=fixka-stabilo-point-88-04\",\"name\":\"Fixka Stabilo Point 88 0,4 - tuduu\",\"isPartOf\":{\"@id\":\"https:\\\/\\\/www.tuduu.sk\\\/#website\"},\"primaryImageOfPage\":{\"@id\":\"https:\\\/\\\/www.tuduu.sk\\\/?product=fixka-stabilo-point-88-04#primaryimage\"},\"image\":{\"@id\":\"https:\\\/\\\/www.tuduu.sk\\\/?product=fixka-stabilo-point-88-04#primaryimage\"},\"thumbnailUrl\":\"https:\\\/\\\/www.tuduu.sk\\\/wp-content\\\/uploads\\\/2023\\\/09\\\/tuduu-3-scaled.jpg\",\"datePublished\":\"2023-09-17T18:19:06+00:00\",\"dateModified\":\"2024-12-27T13:32:54+00:00\",\"description\":\"Fixky Stabilo Fine 0.4 Point 88 - presn\u00e9 a farebn\u00e9 fixky s hrotom 0,4 mm. Ide\u00e1lne pre pozn\u00e1mky \u010di kreslenie. Objednajte si svoje ob\u013e\u00faben\u00e9 farby.\",\"breadcrumb\":{\"@id\":\"https:\\\/\\\/www.tuduu.sk\\\/?product=fixka-stabilo-point-88-04#breadcrumb\"},\"inLanguage\":\"sk-SK\",\"potentialAction\":[{\"@type\":\"ReadAction\",\"target\":[\"https:\\\/\\\/www.tuduu.sk\\\/?product=fixka-stabilo-point-88-04\"]}]},{\"@type\":\"ImageObject\",\"inLanguage\":\"sk-SK\",\"@id\":\"https:\\\/\\\/www.tuduu.sk\\\/?product=fixka-stabilo-point-88-04#primaryimage\",\"url\":\"https:\\\/\\\/www.tuduu.sk\\\/wp-content\\\/uploads\\\/2023\\\/09\\\/tuduu-3-scaled.jpg\",\"contentUrl\":\"https:\\\/\\\/www.tuduu.sk\\\/wp-content\\\/uploads\\\/2023\\\/09\\\/tuduu-3-scaled.jpg\",\"width\":800,\"height\":532,\"caption\":\"Farebn\u00e9 fixky Stabilo Fine 0.88 1.2\u20ac\"},{\"@type\":\"BreadcrumbList\",\"@id\":\"https:\\\/\\\/www.tuduu.sk\\\/?product=fixka-stabilo-point-88-04#breadcrumb\",\"itemListElement\":[{\"@type\":\"ListItem\",\"position\":1,\"name\":\"Home\",\"item\":\"https:\\\/\\\/www.tuduu.sk\\\/\"},{\"@type\":\"ListItem\",\"position\":2,\"name\":\"Obchod\",\"item\":\"https:\\\/\\\/www.tuduu.sk\\\/?page_id=85\"},{\"@type\":\"ListItem\",\"position\":3,\"name\":\"Fixka Stabilo Point 88 0,4\"}]},{\"@type\":\"WebSite\",\"@id\":\"https:\\\/\\\/www.tuduu.sk\\\/#website\",\"url\":\"https:\\\/\\\/www.tuduu.sk\\\/\",\"name\":\"tuduu\",\"description\":\"M\u00e1me radi papier.\",\"publisher\":{\"@id\":\"https:\\\/\\\/www.tuduu.sk\\\/#organization\"},\"potentialAction\":[{\"@type\":\"SearchAction\",\"target\":{\"@type\":\"EntryPoint\",\"urlTemplate\":\"https:\\\/\\\/www.tuduu.sk\\\/?s={search_term_string}\"},\"query-input\":{\"@type\":\"PropertyValueSpecification\",\"valueRequired\":true,\"valueName\":\"search_term_string\"}}],\"inLanguage\":\"sk-SK\"},{\"@type\":\"Organization\",\"@id\":\"https:\\\/\\\/www.tuduu.sk\\\/#organization\",\"name\":\"tuduu\",\"url\":\"https:\\\/\\\/www.tuduu.sk\\\/\",\"logo\":{\"@type\":\"ImageObject\",\"inLanguage\":\"sk-SK\",\"@id\":\"https:\\\/\\\/www.tuduu.sk\\\/#\\\/schema\\\/logo\\\/image\\\/\",\"url\":\"https:\\\/\\\/www.tuduu.sk\\\/wp-content\\\/uploads\\\/2023\\\/08\\\/tuduu_logo.png\",\"contentUrl\":\"https:\\\/\\\/www.tuduu.sk\\\/wp-content\\\/uploads\\\/2023\\\/08\\\/tuduu_logo.png\",\"width\":514,\"height\":153,\"caption\":\"tuduu\"},\"image\":{\"@id\":\"https:\\\/\\\/www.tuduu.sk\\\/#\\\/schema\\\/logo\\\/image\\\/\"}}]}<\/script>\n<!-- \/ Yoast SEO plugin. -->","yoast_head_json":{"title":"Fixka Stabilo Point 88 0,4 - tuduu","description":"Fixky Stabilo Fine 0.4 Point 88 - presn\u00e9 a farebn\u00e9 fixky s hrotom 0,4 mm. Ide\u00e1lne pre pozn\u00e1mky \u010di kreslenie. Objednajte si svoje ob\u013e\u00faben\u00e9 farby.","robots":{"index":"index","follow":"follow","max-snippet":"max-snippet:-1","max-image-preview":"max-image-preview:large","max-video-preview":"max-video-preview:-1"},"canonical":"https:\/\/www.tuduu.sk\/?product=fixka-stabilo-point-88-04","og_locale":"sk_SK","og_type":"article","og_title":"Fixka Stabilo Point 88 0,4 - tuduu","og_description":"Fixky Stabilo Fine 0.4 Point 88 - presn\u00e9 a farebn\u00e9 fixky s hrotom 0,4 mm. Ide\u00e1lne pre pozn\u00e1mky \u010di kreslenie. Objednajte si svoje ob\u013e\u00faben\u00e9 farby.","og_url":"https:\/\/www.tuduu.sk\/?product=fixka-stabilo-point-88-04","og_site_name":"tuduu","article_modified_time":"2024-12-27T13:32:54+00:00","og_image":[{"width":2560,"height":1703,"url":"https:\/\/www.tuduu.sk\/wp-content\/uploads\/2023\/09\/tuduu-3-scaled.jpg","type":"image\/jpeg"}],"twitter_card":"summary_large_image","twitter_misc":{"Predpokladan\u00fd \u010das \u010d\u00edtania":"1 min\u00fata"},"schema":{"@context":"https:\/\/schema.org","@graph":[{"@type":"WebPage","@id":"https:\/\/www.tuduu.sk\/?product=fixka-stabilo-point-88-04","url":"https:\/\/www.tuduu.sk\/?product=fixka-stabilo-point-88-04","name":"Fixka Stabilo Point 88 0,4 - tuduu","isPartOf":{"@id":"https:\/\/www.tuduu.sk\/#website"},"primaryImageOfPage":{"@id":"https:\/\/www.tuduu.sk\/?product=fixka-stabilo-point-88-04#primaryimage"},"image":{"@id":"https:\/\/www.tuduu.sk\/?product=fixka-stabilo-point-88-04#primaryimage"},"thumbnailUrl":"https:\/\/www.tuduu.sk\/wp-content\/uploads\/2023\/09\/tuduu-3-scaled.jpg","datePublished":"2023-09-17T18:19:06+00:00","dateModified":"2024-12-27T13:32:54+00:00","description":"Fixky Stabilo Fine 0.4 Point 88 - presn\u00e9 a farebn\u00e9 fixky s hrotom 0,4 mm. Ide\u00e1lne pre pozn\u00e1mky \u010di kreslenie. Objednajte si svoje ob\u013e\u00faben\u00e9 farby.","breadcrumb":{"@id":"https:\/\/www.tuduu.sk\/?product=fixka-stabilo-point-88-04#breadcrumb"},"inLanguage":"sk-SK","potentialAction":[{"@type":"ReadAction","target":["https:\/\/www.tuduu.sk\/?product=fixka-stabilo-point-88-04"]}]},{"@type":"ImageObject","inLanguage":"sk-SK","@id":"https:\/\/www.tuduu.sk\/?product=fixka-stabilo-point-88-04#primaryimage","url":"https:\/\/www.tuduu.sk\/wp-content\/uploads\/2023\/09\/tuduu-3-scaled.jpg","contentUrl":"https:\/\/www.tuduu.sk\/wp-content\/uploads\/2023\/09\/tuduu-3-scaled.jpg","width":800,"height":532,"caption":"Farebn\u00e9 fixky Stabilo Fine 0.88 1.2\u20ac"},{"@type":"BreadcrumbList","@id":"https:\/\/www.tuduu.sk\/?product=fixka-stabilo-point-88-04#breadcrumb","itemListElement":[{"@type":"ListItem","position":1,"name":"Home","item":"https:\/\/www.tuduu.sk\/"},{"@type":"ListItem","position":2,"name":"Obchod","item":"https:\/\/www.tuduu.sk\/?page_id=85"},{"@type":"ListItem","position":3,"name":"Fixka Stabilo Point 88 0,4"}]},{"@type":"WebSite","@id":"https:\/\/www.tuduu.sk\/#website","url":"https:\/\/www.tuduu.sk\/","name":"tuduu","description":"M\u00e1me radi papier.","publisher":{"@id":"https:\/\/www.tuduu.sk\/#organization"},"potentialAction":[{"@type":"SearchAction","target":{"@type":"EntryPoint","urlTemplate":"https:\/\/www.tuduu.sk\/?s={search_term_string}"},"query-input":{"@type":"PropertyValueSpecification","valueRequired":true,"valueName":"search_term_string"}}],"inLanguage":"sk-SK"},{"@type":"Organization","@id":"https:\/\/www.tuduu.sk\/#organization","name":"tuduu","url":"https:\/\/www.tuduu.sk\/","logo":{"@type":"ImageObject","inLanguage":"sk-SK","@id":"https:\/\/www.tuduu.sk\/#\/schema\/logo\/image\/","url":"https:\/\/www.tuduu.sk\/wp-content\/uploads\/2023\/08\/tuduu_logo.png","contentUrl":"https:\/\/www.tuduu.sk\/wp-content\/uploads\/2023\/08\/tuduu_logo.png","width":514,"height":153,"caption":"tuduu"},"image":{"@id":"https:\/\/www.tuduu.sk\/#\/schema\/logo\/image\/"}}]}},"_links":{"self":[{"href":"https:\/\/www.tuduu.sk\/index.php?rest_route=\/wp\/v2\/product\/131","targetHints":{"allow":["GET"]}}],"collection":[{"href":"https:\/\/www.tuduu.sk\/index.php?rest_route=\/wp\/v2\/product"}],"about":[{"href":"https:\/\/www.tuduu.sk\/index.php?rest_route=\/wp\/v2\/types\/product"}],"replies":[{"embeddable":true,"href":"https:\/\/www.tuduu.sk\/index.php?rest_route=%2Fwp%2Fv2%2Fcomments&post=131"}],"wp:featuredmedia":[{"embeddable":true,"href":"https:\/\/www.tuduu.sk\/index.php?rest_route=\/wp\/v2\/media\/133"}],"wp:attachment":[{"href":"https:\/\/www.tuduu.sk\/index.php?rest_route=%2Fwp%2Fv2%2Fmedia&parent=131"}],"wp:term":[{"taxonomy":"product_brand","embeddable":true,"href":"https:\/\/www.tuduu.sk\/index.php?rest_route=%2Fwp%2Fv2%2Fproduct_brand&post=131"},{"taxonomy":"product_cat","embeddable":true,"href":"https:\/\/www.tuduu.sk\/index.php?rest_route=%2Fwp%2Fv2%2Fproduct_cat&post=131"},{"taxonomy":"product_tag","embeddable":true,"href":"https:\/\/www.tuduu.sk\/index.php?rest_route=%2Fwp%2Fv2%2Fproduct_tag&post=131"}],"curies":[{"name":"wp","href":"https:\/\/api.w.org\/{rel}","templated":true}]}}