{"id":93,"date":"2023-08-08T10:29:39","date_gmt":"2023-08-08T08:29:39","guid":{"rendered":"https:\/\/www.tuduu.sk\/?post_type=product&#038;p=93"},"modified":"2025-07-20T08:02:17","modified_gmt":"2025-07-20T06:02:17","slug":"nakupny-zoznam","status":"publish","type":"product","link":"https:\/\/www.tuduu.sk\/?product=nakupny-zoznam","title":{"rendered":"N\u00e1kupn\u00fd zoznam"},"content":{"rendered":"<p>Nebavilo n\u00e1s p\u00e1rova\u0165 si appky, vypisova\u0165 si v mesind\u017eroch, aktualizova\u0165 si pozn\u00e1mky a u\u017e v\u00f4bec nie bezducho bez pl\u00e1nov nakupova\u0165. A aj tak sme v\u017edy na nie\u010do zabudli. K\u00daP MA je n\u00e1kupn\u00fd zoznam, ktor\u00fd \u0165a naviguje. M\u00f4\u017ee ti visie\u0165 na chladni\u010dke, tr\u00f3ni\u0165 na parapete alebo ho m\u00f4\u017ee\u0161 schova\u0165 do \u0161ufl\u00edka. 100% garancia p\u00f4\u017eitku z vy\u010diarkavania potrav\u00edn v ko\u0161\u00edku.<\/p>\n","protected":false},"excerpt":{"rendered":"<p>N\u00e1kupn\u00fd zoznam.<\/p>\n<p>Ve\u013ekos\u0165 A5.<\/p>\n<p>Tla\u010den\u00e9 na papier Munken Pure Rough &#8211; pr\u00e9miov\u00fd pocit, nenatieran\u00fd povrch, kr\u00e9mov\u00fd odtie\u0148.<\/p>\n<p>30 trhac\u00edch listov.<\/p>\n","protected":false},"featured_media":240,"comment_status":"open","ping_status":"closed","template":"","meta":{"_monsterinsights_skip_tracking":false,"_monsterinsights_sitenote_active":false,"_monsterinsights_sitenote_note":"","_monsterinsights_sitenote_category":0},"product_brand":[],"product_cat":[24],"product_tag":[],"class_list":{"0":"post-93","1":"product","2":"type-product","3":"status-publish","4":"has-post-thumbnail","6":"product_cat-organizery","7":"product_shipping_class-postovne","9":"first","10":"instock","11":"shipping-taxable","12":"purchasable","13":"product-type-simple"},"yoast_head":"<!-- This site is optimized with the Yoast SEO plugin v27.5 - https:\/\/yoast.com\/product\/yoast-seo-wordpress\/ -->\n<title>N\u00e1kupn\u00fd zoznam - tuduu<\/title>\n<meta name=\"description\" content=\"K\u00daP MA je n\u00e1kupn\u00fd zoznam, ktor\u00fd \u0165a naviguje. M\u00f4\u017ee ti visie\u0165 na chladni\u010dke, tr\u00f3ni\u0165 na parapete alebo ho m\u00f4\u017ee\u0161 schova\u0165 do \u0161ufl\u00edka.\" \/>\n<meta name=\"robots\" content=\"index, follow, max-snippet:-1, max-image-preview:large, max-video-preview:-1\" \/>\n<link rel=\"canonical\" href=\"https:\/\/www.tuduu.sk\/?product=nakupny-zoznam\" \/>\n<meta property=\"og:locale\" content=\"sk_SK\" \/>\n<meta property=\"og:type\" content=\"article\" \/>\n<meta property=\"og:title\" content=\"N\u00e1kupn\u00fd zoznam - tuduu\" \/>\n<meta property=\"og:description\" content=\"K\u00daP MA je n\u00e1kupn\u00fd zoznam, ktor\u00fd \u0165a naviguje. M\u00f4\u017ee ti visie\u0165 na chladni\u010dke, tr\u00f3ni\u0165 na parapete alebo ho m\u00f4\u017ee\u0161 schova\u0165 do \u0161ufl\u00edka.\" \/>\n<meta property=\"og:url\" content=\"https:\/\/www.tuduu.sk\/?product=nakupny-zoznam\" \/>\n<meta property=\"og:site_name\" content=\"tuduu\" \/>\n<meta property=\"article:modified_time\" content=\"2025-07-20T06:02:17+00:00\" \/>\n<meta property=\"og:image\" content=\"https:\/\/www.tuduu.sk\/wp-content\/uploads\/2023\/09\/tuduu-produkty-3-1.jpg\" \/>\n\t<meta property=\"og:image:width\" content=\"800\" \/>\n\t<meta property=\"og:image:height\" content=\"800\" \/>\n\t<meta property=\"og:image:type\" content=\"image\/jpeg\" \/>\n<meta name=\"twitter:card\" content=\"summary_large_image\" \/>\n<meta name=\"twitter:label1\" content=\"Predpokladan\u00fd \u010das \u010d\u00edtania\" \/>\n\t<meta name=\"twitter:data1\" content=\"1 min\u00fata\" \/>\n<script type=\"application\/ld+json\" class=\"yoast-schema-graph\">{\"@context\":\"https:\\\/\\\/schema.org\",\"@graph\":[{\"@type\":\"WebPage\",\"@id\":\"https:\\\/\\\/www.tuduu.sk\\\/?product=nakupny-zoznam\",\"url\":\"https:\\\/\\\/www.tuduu.sk\\\/?product=nakupny-zoznam\",\"name\":\"N\u00e1kupn\u00fd zoznam - tuduu\",\"isPartOf\":{\"@id\":\"https:\\\/\\\/www.tuduu.sk\\\/#website\"},\"primaryImageOfPage\":{\"@id\":\"https:\\\/\\\/www.tuduu.sk\\\/?product=nakupny-zoznam#primaryimage\"},\"image\":{\"@id\":\"https:\\\/\\\/www.tuduu.sk\\\/?product=nakupny-zoznam#primaryimage\"},\"thumbnailUrl\":\"https:\\\/\\\/www.tuduu.sk\\\/wp-content\\\/uploads\\\/2023\\\/09\\\/tuduu-produkty-3-1.jpg\",\"datePublished\":\"2023-08-08T08:29:39+00:00\",\"dateModified\":\"2025-07-20T06:02:17+00:00\",\"description\":\"K\u00daP MA je n\u00e1kupn\u00fd zoznam, ktor\u00fd \u0165a naviguje. M\u00f4\u017ee ti visie\u0165 na chladni\u010dke, tr\u00f3ni\u0165 na parapete alebo ho m\u00f4\u017ee\u0161 schova\u0165 do \u0161ufl\u00edka.\",\"breadcrumb\":{\"@id\":\"https:\\\/\\\/www.tuduu.sk\\\/?product=nakupny-zoznam#breadcrumb\"},\"inLanguage\":\"sk-SK\",\"potentialAction\":[{\"@type\":\"ReadAction\",\"target\":[\"https:\\\/\\\/www.tuduu.sk\\\/?product=nakupny-zoznam\"]}]},{\"@type\":\"ImageObject\",\"inLanguage\":\"sk-SK\",\"@id\":\"https:\\\/\\\/www.tuduu.sk\\\/?product=nakupny-zoznam#primaryimage\",\"url\":\"https:\\\/\\\/www.tuduu.sk\\\/wp-content\\\/uploads\\\/2023\\\/09\\\/tuduu-produkty-3-1.jpg\",\"contentUrl\":\"https:\\\/\\\/www.tuduu.sk\\\/wp-content\\\/uploads\\\/2023\\\/09\\\/tuduu-produkty-3-1.jpg\",\"width\":800,\"height\":800,\"caption\":\"N\u00e1kupn\u00fd zoznam 13\u20ac\"},{\"@type\":\"BreadcrumbList\",\"@id\":\"https:\\\/\\\/www.tuduu.sk\\\/?product=nakupny-zoznam#breadcrumb\",\"itemListElement\":[{\"@type\":\"ListItem\",\"position\":1,\"name\":\"Home\",\"item\":\"https:\\\/\\\/www.tuduu.sk\\\/\"},{\"@type\":\"ListItem\",\"position\":2,\"name\":\"Obchod\",\"item\":\"https:\\\/\\\/www.tuduu.sk\\\/?page_id=85\"},{\"@type\":\"ListItem\",\"position\":3,\"name\":\"N\u00e1kupn\u00fd zoznam\"}]},{\"@type\":\"WebSite\",\"@id\":\"https:\\\/\\\/www.tuduu.sk\\\/#website\",\"url\":\"https:\\\/\\\/www.tuduu.sk\\\/\",\"name\":\"tuduu\",\"description\":\"M\u00e1me radi papier.\",\"publisher\":{\"@id\":\"https:\\\/\\\/www.tuduu.sk\\\/#organization\"},\"potentialAction\":[{\"@type\":\"SearchAction\",\"target\":{\"@type\":\"EntryPoint\",\"urlTemplate\":\"https:\\\/\\\/www.tuduu.sk\\\/?s={search_term_string}\"},\"query-input\":{\"@type\":\"PropertyValueSpecification\",\"valueRequired\":true,\"valueName\":\"search_term_string\"}}],\"inLanguage\":\"sk-SK\"},{\"@type\":\"Organization\",\"@id\":\"https:\\\/\\\/www.tuduu.sk\\\/#organization\",\"name\":\"tuduu\",\"url\":\"https:\\\/\\\/www.tuduu.sk\\\/\",\"logo\":{\"@type\":\"ImageObject\",\"inLanguage\":\"sk-SK\",\"@id\":\"https:\\\/\\\/www.tuduu.sk\\\/#\\\/schema\\\/logo\\\/image\\\/\",\"url\":\"https:\\\/\\\/www.tuduu.sk\\\/wp-content\\\/uploads\\\/2023\\\/08\\\/tuduu_logo.png\",\"contentUrl\":\"https:\\\/\\\/www.tuduu.sk\\\/wp-content\\\/uploads\\\/2023\\\/08\\\/tuduu_logo.png\",\"width\":514,\"height\":153,\"caption\":\"tuduu\"},\"image\":{\"@id\":\"https:\\\/\\\/www.tuduu.sk\\\/#\\\/schema\\\/logo\\\/image\\\/\"}}]}<\/script>\n<!-- \/ Yoast SEO plugin. -->","yoast_head_json":{"title":"N\u00e1kupn\u00fd zoznam - tuduu","description":"K\u00daP MA je n\u00e1kupn\u00fd zoznam, ktor\u00fd \u0165a naviguje. M\u00f4\u017ee ti visie\u0165 na chladni\u010dke, tr\u00f3ni\u0165 na parapete alebo ho m\u00f4\u017ee\u0161 schova\u0165 do \u0161ufl\u00edka.","robots":{"index":"index","follow":"follow","max-snippet":"max-snippet:-1","max-image-preview":"max-image-preview:large","max-video-preview":"max-video-preview:-1"},"canonical":"https:\/\/www.tuduu.sk\/?product=nakupny-zoznam","og_locale":"sk_SK","og_type":"article","og_title":"N\u00e1kupn\u00fd zoznam - tuduu","og_description":"K\u00daP MA je n\u00e1kupn\u00fd zoznam, ktor\u00fd \u0165a naviguje. M\u00f4\u017ee ti visie\u0165 na chladni\u010dke, tr\u00f3ni\u0165 na parapete alebo ho m\u00f4\u017ee\u0161 schova\u0165 do \u0161ufl\u00edka.","og_url":"https:\/\/www.tuduu.sk\/?product=nakupny-zoznam","og_site_name":"tuduu","article_modified_time":"2025-07-20T06:02:17+00:00","og_image":[{"width":800,"height":800,"url":"https:\/\/www.tuduu.sk\/wp-content\/uploads\/2023\/09\/tuduu-produkty-3-1.jpg","type":"image\/jpeg"}],"twitter_card":"summary_large_image","twitter_misc":{"Predpokladan\u00fd \u010das \u010d\u00edtania":"1 min\u00fata"},"schema":{"@context":"https:\/\/schema.org","@graph":[{"@type":"WebPage","@id":"https:\/\/www.tuduu.sk\/?product=nakupny-zoznam","url":"https:\/\/www.tuduu.sk\/?product=nakupny-zoznam","name":"N\u00e1kupn\u00fd zoznam - tuduu","isPartOf":{"@id":"https:\/\/www.tuduu.sk\/#website"},"primaryImageOfPage":{"@id":"https:\/\/www.tuduu.sk\/?product=nakupny-zoznam#primaryimage"},"image":{"@id":"https:\/\/www.tuduu.sk\/?product=nakupny-zoznam#primaryimage"},"thumbnailUrl":"https:\/\/www.tuduu.sk\/wp-content\/uploads\/2023\/09\/tuduu-produkty-3-1.jpg","datePublished":"2023-08-08T08:29:39+00:00","dateModified":"2025-07-20T06:02:17+00:00","description":"K\u00daP MA je n\u00e1kupn\u00fd zoznam, ktor\u00fd \u0165a naviguje. M\u00f4\u017ee ti visie\u0165 na chladni\u010dke, tr\u00f3ni\u0165 na parapete alebo ho m\u00f4\u017ee\u0161 schova\u0165 do \u0161ufl\u00edka.","breadcrumb":{"@id":"https:\/\/www.tuduu.sk\/?product=nakupny-zoznam#breadcrumb"},"inLanguage":"sk-SK","potentialAction":[{"@type":"ReadAction","target":["https:\/\/www.tuduu.sk\/?product=nakupny-zoznam"]}]},{"@type":"ImageObject","inLanguage":"sk-SK","@id":"https:\/\/www.tuduu.sk\/?product=nakupny-zoznam#primaryimage","url":"https:\/\/www.tuduu.sk\/wp-content\/uploads\/2023\/09\/tuduu-produkty-3-1.jpg","contentUrl":"https:\/\/www.tuduu.sk\/wp-content\/uploads\/2023\/09\/tuduu-produkty-3-1.jpg","width":800,"height":800,"caption":"N\u00e1kupn\u00fd zoznam 13\u20ac"},{"@type":"BreadcrumbList","@id":"https:\/\/www.tuduu.sk\/?product=nakupny-zoznam#breadcrumb","itemListElement":[{"@type":"ListItem","position":1,"name":"Home","item":"https:\/\/www.tuduu.sk\/"},{"@type":"ListItem","position":2,"name":"Obchod","item":"https:\/\/www.tuduu.sk\/?page_id=85"},{"@type":"ListItem","position":3,"name":"N\u00e1kupn\u00fd zoznam"}]},{"@type":"WebSite","@id":"https:\/\/www.tuduu.sk\/#website","url":"https:\/\/www.tuduu.sk\/","name":"tuduu","description":"M\u00e1me radi papier.","publisher":{"@id":"https:\/\/www.tuduu.sk\/#organization"},"potentialAction":[{"@type":"SearchAction","target":{"@type":"EntryPoint","urlTemplate":"https:\/\/www.tuduu.sk\/?s={search_term_string}"},"query-input":{"@type":"PropertyValueSpecification","valueRequired":true,"valueName":"search_term_string"}}],"inLanguage":"sk-SK"},{"@type":"Organization","@id":"https:\/\/www.tuduu.sk\/#organization","name":"tuduu","url":"https:\/\/www.tuduu.sk\/","logo":{"@type":"ImageObject","inLanguage":"sk-SK","@id":"https:\/\/www.tuduu.sk\/#\/schema\/logo\/image\/","url":"https:\/\/www.tuduu.sk\/wp-content\/uploads\/2023\/08\/tuduu_logo.png","contentUrl":"https:\/\/www.tuduu.sk\/wp-content\/uploads\/2023\/08\/tuduu_logo.png","width":514,"height":153,"caption":"tuduu"},"image":{"@id":"https:\/\/www.tuduu.sk\/#\/schema\/logo\/image\/"}}]}},"_links":{"self":[{"href":"https:\/\/www.tuduu.sk\/index.php?rest_route=\/wp\/v2\/product\/93","targetHints":{"allow":["GET"]}}],"collection":[{"href":"https:\/\/www.tuduu.sk\/index.php?rest_route=\/wp\/v2\/product"}],"about":[{"href":"https:\/\/www.tuduu.sk\/index.php?rest_route=\/wp\/v2\/types\/product"}],"replies":[{"embeddable":true,"href":"https:\/\/www.tuduu.sk\/index.php?rest_route=%2Fwp%2Fv2%2Fcomments&post=93"}],"wp:featuredmedia":[{"embeddable":true,"href":"https:\/\/www.tuduu.sk\/index.php?rest_route=\/wp\/v2\/media\/240"}],"wp:attachment":[{"href":"https:\/\/www.tuduu.sk\/index.php?rest_route=%2Fwp%2Fv2%2Fmedia&parent=93"}],"wp:term":[{"taxonomy":"product_brand","embeddable":true,"href":"https:\/\/www.tuduu.sk\/index.php?rest_route=%2Fwp%2Fv2%2Fproduct_brand&post=93"},{"taxonomy":"product_cat","embeddable":true,"href":"https:\/\/www.tuduu.sk\/index.php?rest_route=%2Fwp%2Fv2%2Fproduct_cat&post=93"},{"taxonomy":"product_tag","embeddable":true,"href":"https:\/\/www.tuduu.sk\/index.php?rest_route=%2Fwp%2Fv2%2Fproduct_tag&post=93"}],"curies":[{"name":"wp","href":"https:\/\/api.w.org\/{rel}","templated":true}]}}